{"id":64,"date":"2021-02-15T23:09:30","date_gmt":"2021-02-15T23:09:30","guid":{"rendered":"https:\/\/www.haphybyaquasense.com\/shop\/?post_type=product&#038;p=64"},"modified":"2021-02-15T23:09:31","modified_gmt":"2021-02-15T23:09:31","slug":"bandas-elasticas-abierta-ligas-para-ejercicios-pilates","status":"publish","type":"product","link":"https:\/\/www.haphybyaquasense.com\/shop\/producto\/bandas-elasticas-abierta-ligas-para-ejercicios-pilates\/","title":{"rendered":"Bandas El\u00e1sticas Abierta. ligas para Ejercicios, Pilates"},"content":{"rendered":"<p>Las bandas el\u00e1sticas abiertas \u00a0est\u00e1n hechas de l\u00e1tex en diferentes colores y resistencias.<\/p>\n<p>En el deporte y la rehabilitaci\u00f3n f\u00edsica son necesarias diversas herramientas para perfeccionar movimientos, hacer estiramientos, aumentar el grado de amplitud articular y flexibilidad, su peso ligero las hace f\u00e1ciles de llevar contigo a todos lados.<\/p>\n<p>Su medida es: 1.5 mts x 15 cm.<\/p>\n<p>Otra de las grandes ventajas de las bandas de resistencia es que no dependes de nadie para poder utilizarlas, las puedes usar en cualquier lugar y en cualquier momento<\/p>\n<p>Ayudan a tener un avance progresivo debido a sus diferentes resistencias, son una muy buena opci\u00f3n, ya que independientemente de tener un papel indispensable para un tratamiento terap\u00e9utico, tambi\u00e9n son de gran ayuda en deportes de diferentes categor\u00edas como el yoga, ballet, gimnasia, jazz, taekwondo entre muchos otros m\u00e1s.<\/p>\n<p>Les comparto algunos ejercicios con <a href=\"https:\/\/www.youtube.com\/watch?v=iywQRWs7zmU\">bandas el\u00e1sticas\u00a0<\/a><\/p>\n","protected":false},"excerpt":{"rendered":"<p>Las bandas el\u00e1sticas abiertas \u00a0est\u00e1n hechas de l\u00e1tex en diferentes colores y resistencias. En el deporte y la rehabilitaci\u00f3n f\u00edsica son necesarias diversas herramientas para perfeccionar movimientos, hacer estiramientos, aumentar el grado de amplitud articular y flexibilidad, su peso ligero las hace f\u00e1ciles de llevar contigo a todos lados. Su medida es: 1.5 mts x [&hellip;]<\/p>\n","protected":false},"featured_media":65,"comment_status":"open","ping_status":"closed","template":"","meta":[],"product_brand":[],"product_cat":[20,21],"product_tag":[],"class_list":{"0":"post-64","1":"product","2":"type-product","3":"status-publish","4":"has-post-thumbnail","6":"product_cat-fisioterapia","7":"product_cat-yoga-y-pilates","9":"first","10":"instock","11":"shipping-taxable","12":"purchasable","13":"product-type-simple"},"yoast_head":"<!-- This site is optimized with the Yoast SEO plugin v27.2 - https:\/\/yoast.com\/product\/yoast-seo-wordpress\/ -->\n<title>Bandas El\u00e1sticas Abierta. ligas para Ejercicios, Pilates - Haphy Shop<\/title>\n<meta name=\"description\" content=\"Ayudan a tener un avance progresivo debido a sus diferentes resistencias, son una muy buena opci\u00f3n, para ti.\" \/>\n<meta name=\"robots\" content=\"index, follow, max-snippet:-1, max-image-preview:large, max-video-preview:-1\" \/>\n<link rel=\"canonical\" href=\"https:\/\/www.haphybyaquasense.com\/shop\/producto\/bandas-elasticas-abierta-ligas-para-ejercicios-pilates\/\" \/>\n<meta property=\"og:locale\" content=\"es_ES\" \/>\n<meta property=\"og:type\" content=\"article\" \/>\n<meta property=\"og:title\" content=\"Bandas El\u00e1sticas Abierta. ligas para Ejercicios, Pilates - Haphy Shop\" \/>\n<meta property=\"og:description\" content=\"Ayudan a tener un avance progresivo debido a sus diferentes resistencias, son una muy buena opci\u00f3n, para ti.\" \/>\n<meta property=\"og:url\" content=\"https:\/\/www.haphybyaquasense.com\/shop\/producto\/bandas-elasticas-abierta-ligas-para-ejercicios-pilates\/\" \/>\n<meta property=\"og:site_name\" content=\"Haphy Shop\" \/>\n<meta property=\"article:modified_time\" content=\"2021-02-15T23:09:31+00:00\" \/>\n<meta property=\"og:image\" content=\"https:\/\/www.haphybyaquasense.com\/shop\/wp-content\/uploads\/2021\/02\/Bandas-Elasticas-Abierta.-ligas-para-Ejercicios-Pilates.png\" \/>\n\t<meta property=\"og:image:width\" content=\"307\" \/>\n\t<meta property=\"og:image:height\" content=\"316\" \/>\n\t<meta property=\"og:image:type\" content=\"image\/png\" \/>\n<meta name=\"twitter:card\" content=\"summary_large_image\" \/>\n<meta name=\"twitter:label1\" content=\"Tiempo de lectura\" \/>\n\t<meta name=\"twitter:data1\" content=\"1 minuto\" \/>\n<script type=\"application\/ld+json\" class=\"yoast-schema-graph\">{\"@context\":\"https:\/\/schema.org\",\"@graph\":[{\"@type\":\"WebPage\",\"@id\":\"https:\/\/www.haphybyaquasense.com\/shop\/producto\/bandas-elasticas-abierta-ligas-para-ejercicios-pilates\/\",\"url\":\"https:\/\/www.haphybyaquasense.com\/shop\/producto\/bandas-elasticas-abierta-ligas-para-ejercicios-pilates\/\",\"name\":\"Bandas El\u00e1sticas Abierta. ligas para Ejercicios, Pilates - Haphy Shop\",\"isPartOf\":{\"@id\":\"https:\/\/www.haphybyaquasense.com\/shop\/#website\"},\"primaryImageOfPage\":{\"@id\":\"https:\/\/www.haphybyaquasense.com\/shop\/producto\/bandas-elasticas-abierta-ligas-para-ejercicios-pilates\/#primaryimage\"},\"image\":{\"@id\":\"https:\/\/www.haphybyaquasense.com\/shop\/producto\/bandas-elasticas-abierta-ligas-para-ejercicios-pilates\/#primaryimage\"},\"thumbnailUrl\":\"https:\/\/www.haphybyaquasense.com\/shop\/wp-content\/uploads\/2021\/02\/Bandas-Elasticas-Abierta.-ligas-para-Ejercicios-Pilates.png\",\"datePublished\":\"2021-02-15T23:09:30+00:00\",\"dateModified\":\"2021-02-15T23:09:31+00:00\",\"description\":\"Ayudan a tener un avance progresivo debido a sus diferentes resistencias, son una muy buena opci\u00f3n, para ti.\",\"breadcrumb\":{\"@id\":\"https:\/\/www.haphybyaquasense.com\/shop\/producto\/bandas-elasticas-abierta-ligas-para-ejercicios-pilates\/#breadcrumb\"},\"inLanguage\":\"es\",\"potentialAction\":[{\"@type\":\"ReadAction\",\"target\":[\"https:\/\/www.haphybyaquasense.com\/shop\/producto\/bandas-elasticas-abierta-ligas-para-ejercicios-pilates\/\"]}]},{\"@type\":\"ImageObject\",\"inLanguage\":\"es\",\"@id\":\"https:\/\/www.haphybyaquasense.com\/shop\/producto\/bandas-elasticas-abierta-ligas-para-ejercicios-pilates\/#primaryimage\",\"url\":\"https:\/\/www.haphybyaquasense.com\/shop\/wp-content\/uploads\/2021\/02\/Bandas-Elasticas-Abierta.-ligas-para-Ejercicios-Pilates.png\",\"contentUrl\":\"https:\/\/www.haphybyaquasense.com\/shop\/wp-content\/uploads\/2021\/02\/Bandas-Elasticas-Abierta.-ligas-para-Ejercicios-Pilates.png\",\"width\":307,\"height\":316},{\"@type\":\"BreadcrumbList\",\"@id\":\"https:\/\/www.haphybyaquasense.com\/shop\/producto\/bandas-elasticas-abierta-ligas-para-ejercicios-pilates\/#breadcrumb\",\"itemListElement\":[{\"@type\":\"ListItem\",\"position\":1,\"name\":\"Portada\",\"item\":\"https:\/\/www.haphybyaquasense.com\/shop\/\"},{\"@type\":\"ListItem\",\"position\":2,\"name\":\"Productos de terapia acu\u00e1tica y f\u00edsica\",\"item\":\"https:\/\/www.haphybyaquasense.com\/shop\/tienda-de-productos-de-fisioterapia\/\"},{\"@type\":\"ListItem\",\"position\":3,\"name\":\"Bandas El\u00e1sticas Abierta. ligas para Ejercicios, Pilates\"}]},{\"@type\":\"WebSite\",\"@id\":\"https:\/\/www.haphybyaquasense.com\/shop\/#website\",\"url\":\"https:\/\/www.haphybyaquasense.com\/shop\/\",\"name\":\"Haphy Shop\",\"description\":\"Encuentra el producto ideal para recuperar tu bienestar\",\"publisher\":{\"@id\":\"https:\/\/www.haphybyaquasense.com\/shop\/#organization\"},\"potentialAction\":[{\"@type\":\"SearchAction\",\"target\":{\"@type\":\"EntryPoint\",\"urlTemplate\":\"https:\/\/www.haphybyaquasense.com\/shop\/?s={search_term_string}\"},\"query-input\":{\"@type\":\"PropertyValueSpecification\",\"valueRequired\":true,\"valueName\":\"search_term_string\"}}],\"inLanguage\":\"es\"},{\"@type\":\"Organization\",\"@id\":\"https:\/\/www.haphybyaquasense.com\/shop\/#organization\",\"name\":\"Haphy Shop\",\"url\":\"https:\/\/www.haphybyaquasense.com\/shop\/\",\"logo\":{\"@type\":\"ImageObject\",\"inLanguage\":\"es\",\"@id\":\"https:\/\/www.haphybyaquasense.com\/shop\/#\/schema\/logo\/image\/\",\"url\":\"https:\/\/www.haphybyaquasense.com\/shop\/wp-content\/uploads\/2021\/02\/cropped-haphy-tienda-1.png\",\"contentUrl\":\"https:\/\/www.haphybyaquasense.com\/shop\/wp-content\/uploads\/2021\/02\/cropped-haphy-tienda-1.png\",\"width\":502,\"height\":167,\"caption\":\"Haphy Shop\"},\"image\":{\"@id\":\"https:\/\/www.haphybyaquasense.com\/shop\/#\/schema\/logo\/image\/\"}}]}<\/script>\n<!-- \/ Yoast SEO plugin. -->","yoast_head_json":{"title":"Bandas El\u00e1sticas Abierta. ligas para Ejercicios, Pilates - Haphy Shop","description":"Ayudan a tener un avance progresivo debido a sus diferentes resistencias, son una muy buena opci\u00f3n, para ti.","robots":{"index":"index","follow":"follow","max-snippet":"max-snippet:-1","max-image-preview":"max-image-preview:large","max-video-preview":"max-video-preview:-1"},"canonical":"https:\/\/www.haphybyaquasense.com\/shop\/producto\/bandas-elasticas-abierta-ligas-para-ejercicios-pilates\/","og_locale":"es_ES","og_type":"article","og_title":"Bandas El\u00e1sticas Abierta. ligas para Ejercicios, Pilates - Haphy Shop","og_description":"Ayudan a tener un avance progresivo debido a sus diferentes resistencias, son una muy buena opci\u00f3n, para ti.","og_url":"https:\/\/www.haphybyaquasense.com\/shop\/producto\/bandas-elasticas-abierta-ligas-para-ejercicios-pilates\/","og_site_name":"Haphy Shop","article_modified_time":"2021-02-15T23:09:31+00:00","og_image":[{"width":307,"height":316,"url":"https:\/\/www.haphybyaquasense.com\/shop\/wp-content\/uploads\/2021\/02\/Bandas-Elasticas-Abierta.-ligas-para-Ejercicios-Pilates.png","type":"image\/png"}],"twitter_card":"summary_large_image","twitter_misc":{"Tiempo de lectura":"1 minuto"},"schema":{"@context":"https:\/\/schema.org","@graph":[{"@type":"WebPage","@id":"https:\/\/www.haphybyaquasense.com\/shop\/producto\/bandas-elasticas-abierta-ligas-para-ejercicios-pilates\/","url":"https:\/\/www.haphybyaquasense.com\/shop\/producto\/bandas-elasticas-abierta-ligas-para-ejercicios-pilates\/","name":"Bandas El\u00e1sticas Abierta. ligas para Ejercicios, Pilates - Haphy Shop","isPartOf":{"@id":"https:\/\/www.haphybyaquasense.com\/shop\/#website"},"primaryImageOfPage":{"@id":"https:\/\/www.haphybyaquasense.com\/shop\/producto\/bandas-elasticas-abierta-ligas-para-ejercicios-pilates\/#primaryimage"},"image":{"@id":"https:\/\/www.haphybyaquasense.com\/shop\/producto\/bandas-elasticas-abierta-ligas-para-ejercicios-pilates\/#primaryimage"},"thumbnailUrl":"https:\/\/www.haphybyaquasense.com\/shop\/wp-content\/uploads\/2021\/02\/Bandas-Elasticas-Abierta.-ligas-para-Ejercicios-Pilates.png","datePublished":"2021-02-15T23:09:30+00:00","dateModified":"2021-02-15T23:09:31+00:00","description":"Ayudan a tener un avance progresivo debido a sus diferentes resistencias, son una muy buena opci\u00f3n, para ti.","breadcrumb":{"@id":"https:\/\/www.haphybyaquasense.com\/shop\/producto\/bandas-elasticas-abierta-ligas-para-ejercicios-pilates\/#breadcrumb"},"inLanguage":"es","potentialAction":[{"@type":"ReadAction","target":["https:\/\/www.haphybyaquasense.com\/shop\/producto\/bandas-elasticas-abierta-ligas-para-ejercicios-pilates\/"]}]},{"@type":"ImageObject","inLanguage":"es","@id":"https:\/\/www.haphybyaquasense.com\/shop\/producto\/bandas-elasticas-abierta-ligas-para-ejercicios-pilates\/#primaryimage","url":"https:\/\/www.haphybyaquasense.com\/shop\/wp-content\/uploads\/2021\/02\/Bandas-Elasticas-Abierta.-ligas-para-Ejercicios-Pilates.png","contentUrl":"https:\/\/www.haphybyaquasense.com\/shop\/wp-content\/uploads\/2021\/02\/Bandas-Elasticas-Abierta.-ligas-para-Ejercicios-Pilates.png","width":307,"height":316},{"@type":"BreadcrumbList","@id":"https:\/\/www.haphybyaquasense.com\/shop\/producto\/bandas-elasticas-abierta-ligas-para-ejercicios-pilates\/#breadcrumb","itemListElement":[{"@type":"ListItem","position":1,"name":"Portada","item":"https:\/\/www.haphybyaquasense.com\/shop\/"},{"@type":"ListItem","position":2,"name":"Productos de terapia acu\u00e1tica y f\u00edsica","item":"https:\/\/www.haphybyaquasense.com\/shop\/tienda-de-productos-de-fisioterapia\/"},{"@type":"ListItem","position":3,"name":"Bandas El\u00e1sticas Abierta. ligas para Ejercicios, Pilates"}]},{"@type":"WebSite","@id":"https:\/\/www.haphybyaquasense.com\/shop\/#website","url":"https:\/\/www.haphybyaquasense.com\/shop\/","name":"Haphy Shop","description":"Encuentra el producto ideal para recuperar tu bienestar","publisher":{"@id":"https:\/\/www.haphybyaquasense.com\/shop\/#organization"},"potentialAction":[{"@type":"SearchAction","target":{"@type":"EntryPoint","urlTemplate":"https:\/\/www.haphybyaquasense.com\/shop\/?s={search_term_string}"},"query-input":{"@type":"PropertyValueSpecification","valueRequired":true,"valueName":"search_term_string"}}],"inLanguage":"es"},{"@type":"Organization","@id":"https:\/\/www.haphybyaquasense.com\/shop\/#organization","name":"Haphy Shop","url":"https:\/\/www.haphybyaquasense.com\/shop\/","logo":{"@type":"ImageObject","inLanguage":"es","@id":"https:\/\/www.haphybyaquasense.com\/shop\/#\/schema\/logo\/image\/","url":"https:\/\/www.haphybyaquasense.com\/shop\/wp-content\/uploads\/2021\/02\/cropped-haphy-tienda-1.png","contentUrl":"https:\/\/www.haphybyaquasense.com\/shop\/wp-content\/uploads\/2021\/02\/cropped-haphy-tienda-1.png","width":502,"height":167,"caption":"Haphy Shop"},"image":{"@id":"https:\/\/www.haphybyaquasense.com\/shop\/#\/schema\/logo\/image\/"}}]}},"_links":{"self":[{"href":"https:\/\/www.haphybyaquasense.com\/shop\/wp-json\/wp\/v2\/product\/64","targetHints":{"allow":["GET"]}}],"collection":[{"href":"https:\/\/www.haphybyaquasense.com\/shop\/wp-json\/wp\/v2\/product"}],"about":[{"href":"https:\/\/www.haphybyaquasense.com\/shop\/wp-json\/wp\/v2\/types\/product"}],"replies":[{"embeddable":true,"href":"https:\/\/www.haphybyaquasense.com\/shop\/wp-json\/wp\/v2\/comments?post=64"}],"wp:featuredmedia":[{"embeddable":true,"href":"https:\/\/www.haphybyaquasense.com\/shop\/wp-json\/wp\/v2\/media\/65"}],"wp:attachment":[{"href":"https:\/\/www.haphybyaquasense.com\/shop\/wp-json\/wp\/v2\/media?parent=64"}],"wp:term":[{"taxonomy":"product_brand","embeddable":true,"href":"https:\/\/www.haphybyaquasense.com\/shop\/wp-json\/wp\/v2\/product_brand?post=64"},{"taxonomy":"product_cat","embeddable":true,"href":"https:\/\/www.haphybyaquasense.com\/shop\/wp-json\/wp\/v2\/product_cat?post=64"},{"taxonomy":"product_tag","embeddable":true,"href":"https:\/\/www.haphybyaquasense.com\/shop\/wp-json\/wp\/v2\/product_tag?post=64"}],"curies":[{"name":"wp","href":"https:\/\/api.w.org\/{rel}","templated":true}]}}