{"id":180,"date":"2021-02-24T21:26:25","date_gmt":"2021-02-24T21:26:25","guid":{"rendered":"https:\/\/www.haphybyaquasense.com\/shop\/?post_type=product&#038;p=180"},"modified":"2021-02-24T21:26:25","modified_gmt":"2021-02-24T21:26:25","slug":"rueda-o-llanta-para-ejercicio-abdominal","status":"publish","type":"product","link":"https:\/\/www.haphybyaquasense.com\/shop\/producto\/rueda-o-llanta-para-ejercicio-abdominal\/","title":{"rendered":"Rueda o llanta para Ejercicio Abdominal"},"content":{"rendered":"<p>Accesorio apropiado para desarrollar mayor y mejor fuerza abdominal.<\/p>\n<p>Permite el trabajo simult\u00e1neo de hombros, brazos y espalda.<\/p>\n<p>Empleando una buena t\u00e9cnica, se podr\u00e1n apreciar\u00a0excelentes resultados.<\/p>\n","protected":false},"excerpt":{"rendered":"<p>Accesorio apropiado para desarrollar mayor y mejor fuerza abdominal. Permite el trabajo simult\u00e1neo de hombros, brazos y espalda. Empleando una buena t\u00e9cnica, se podr\u00e1n apreciar\u00a0excelentes resultados.<\/p>\n","protected":false},"featured_media":181,"comment_status":"open","ping_status":"closed","template":"","meta":[],"product_brand":[],"product_cat":[21],"product_tag":[],"class_list":{"0":"post-180","1":"product","2":"type-product","3":"status-publish","4":"has-post-thumbnail","6":"product_cat-yoga-y-pilates","8":"first","9":"instock","10":"shipping-taxable","11":"purchasable","12":"product-type-simple"},"yoast_head":"<!-- This site is optimized with the Yoast SEO plugin v27.2 - https:\/\/yoast.com\/product\/yoast-seo-wordpress\/ -->\n<title>Rueda o llanta para Ejercicio Abdominal - Haphy Shop<\/title>\n<meta name=\"robots\" content=\"index, follow, max-snippet:-1, max-image-preview:large, max-video-preview:-1\" \/>\n<link rel=\"canonical\" href=\"https:\/\/www.haphybyaquasense.com\/shop\/producto\/rueda-o-llanta-para-ejercicio-abdominal\/\" \/>\n<meta property=\"og:locale\" content=\"es_ES\" \/>\n<meta property=\"og:type\" content=\"article\" \/>\n<meta property=\"og:title\" content=\"Rueda o llanta para Ejercicio Abdominal - Haphy Shop\" \/>\n<meta property=\"og:description\" content=\"Accesorio apropiado para desarrollar mayor y mejor fuerza abdominal. Permite el trabajo simult\u00e1neo de hombros, brazos y espalda. Empleando una buena t\u00e9cnica, se podr\u00e1n apreciar\u00a0excelentes resultados.\" \/>\n<meta property=\"og:url\" content=\"https:\/\/www.haphybyaquasense.com\/shop\/producto\/rueda-o-llanta-para-ejercicio-abdominal\/\" \/>\n<meta property=\"og:site_name\" content=\"Haphy Shop\" \/>\n<meta property=\"og:image\" content=\"https:\/\/www.haphybyaquasense.com\/shop\/wp-content\/uploads\/2021\/02\/Rueda-o-llanta-para-Ejercicio-Abdominal-230-pesos.png\" \/>\n\t<meta property=\"og:image:width\" content=\"304\" \/>\n\t<meta property=\"og:image:height\" content=\"300\" \/>\n\t<meta property=\"og:image:type\" content=\"image\/png\" \/>\n<meta name=\"twitter:card\" content=\"summary_large_image\" \/>\n<meta name=\"twitter:label1\" content=\"Tiempo de lectura\" \/>\n\t<meta name=\"twitter:data1\" content=\"1 minuto\" \/>\n<script type=\"application\/ld+json\" class=\"yoast-schema-graph\">{\"@context\":\"https:\/\/schema.org\",\"@graph\":[{\"@type\":\"WebPage\",\"@id\":\"https:\/\/www.haphybyaquasense.com\/shop\/producto\/rueda-o-llanta-para-ejercicio-abdominal\/\",\"url\":\"https:\/\/www.haphybyaquasense.com\/shop\/producto\/rueda-o-llanta-para-ejercicio-abdominal\/\",\"name\":\"Rueda o llanta para Ejercicio Abdominal - Haphy Shop\",\"isPartOf\":{\"@id\":\"https:\/\/www.haphybyaquasense.com\/shop\/#website\"},\"primaryImageOfPage\":{\"@id\":\"https:\/\/www.haphybyaquasense.com\/shop\/producto\/rueda-o-llanta-para-ejercicio-abdominal\/#primaryimage\"},\"image\":{\"@id\":\"https:\/\/www.haphybyaquasense.com\/shop\/producto\/rueda-o-llanta-para-ejercicio-abdominal\/#primaryimage\"},\"thumbnailUrl\":\"https:\/\/www.haphybyaquasense.com\/shop\/wp-content\/uploads\/2021\/02\/Rueda-o-llanta-para-Ejercicio-Abdominal-230-pesos.png\",\"datePublished\":\"2021-02-24T21:26:25+00:00\",\"breadcrumb\":{\"@id\":\"https:\/\/www.haphybyaquasense.com\/shop\/producto\/rueda-o-llanta-para-ejercicio-abdominal\/#breadcrumb\"},\"inLanguage\":\"es\",\"potentialAction\":[{\"@type\":\"ReadAction\",\"target\":[\"https:\/\/www.haphybyaquasense.com\/shop\/producto\/rueda-o-llanta-para-ejercicio-abdominal\/\"]}]},{\"@type\":\"ImageObject\",\"inLanguage\":\"es\",\"@id\":\"https:\/\/www.haphybyaquasense.com\/shop\/producto\/rueda-o-llanta-para-ejercicio-abdominal\/#primaryimage\",\"url\":\"https:\/\/www.haphybyaquasense.com\/shop\/wp-content\/uploads\/2021\/02\/Rueda-o-llanta-para-Ejercicio-Abdominal-230-pesos.png\",\"contentUrl\":\"https:\/\/www.haphybyaquasense.com\/shop\/wp-content\/uploads\/2021\/02\/Rueda-o-llanta-para-Ejercicio-Abdominal-230-pesos.png\",\"width\":304,\"height\":300},{\"@type\":\"BreadcrumbList\",\"@id\":\"https:\/\/www.haphybyaquasense.com\/shop\/producto\/rueda-o-llanta-para-ejercicio-abdominal\/#breadcrumb\",\"itemListElement\":[{\"@type\":\"ListItem\",\"position\":1,\"name\":\"Portada\",\"item\":\"https:\/\/www.haphybyaquasense.com\/shop\/\"},{\"@type\":\"ListItem\",\"position\":2,\"name\":\"Productos de terapia acu\u00e1tica y f\u00edsica\",\"item\":\"https:\/\/www.haphybyaquasense.com\/shop\/tienda-de-productos-de-fisioterapia\/\"},{\"@type\":\"ListItem\",\"position\":3,\"name\":\"Rueda o llanta para Ejercicio Abdominal\"}]},{\"@type\":\"WebSite\",\"@id\":\"https:\/\/www.haphybyaquasense.com\/shop\/#website\",\"url\":\"https:\/\/www.haphybyaquasense.com\/shop\/\",\"name\":\"Haphy Shop\",\"description\":\"Encuentra el producto ideal para recuperar tu bienestar\",\"publisher\":{\"@id\":\"https:\/\/www.haphybyaquasense.com\/shop\/#organization\"},\"potentialAction\":[{\"@type\":\"SearchAction\",\"target\":{\"@type\":\"EntryPoint\",\"urlTemplate\":\"https:\/\/www.haphybyaquasense.com\/shop\/?s={search_term_string}\"},\"query-input\":{\"@type\":\"PropertyValueSpecification\",\"valueRequired\":true,\"valueName\":\"search_term_string\"}}],\"inLanguage\":\"es\"},{\"@type\":\"Organization\",\"@id\":\"https:\/\/www.haphybyaquasense.com\/shop\/#organization\",\"name\":\"Haphy Shop\",\"url\":\"https:\/\/www.haphybyaquasense.com\/shop\/\",\"logo\":{\"@type\":\"ImageObject\",\"inLanguage\":\"es\",\"@id\":\"https:\/\/www.haphybyaquasense.com\/shop\/#\/schema\/logo\/image\/\",\"url\":\"https:\/\/www.haphybyaquasense.com\/shop\/wp-content\/uploads\/2021\/02\/cropped-haphy-tienda-1.png\",\"contentUrl\":\"https:\/\/www.haphybyaquasense.com\/shop\/wp-content\/uploads\/2021\/02\/cropped-haphy-tienda-1.png\",\"width\":502,\"height\":167,\"caption\":\"Haphy Shop\"},\"image\":{\"@id\":\"https:\/\/www.haphybyaquasense.com\/shop\/#\/schema\/logo\/image\/\"}}]}<\/script>\n<!-- \/ Yoast SEO plugin. -->","yoast_head_json":{"title":"Rueda o llanta para Ejercicio Abdominal - Haphy Shop","robots":{"index":"index","follow":"follow","max-snippet":"max-snippet:-1","max-image-preview":"max-image-preview:large","max-video-preview":"max-video-preview:-1"},"canonical":"https:\/\/www.haphybyaquasense.com\/shop\/producto\/rueda-o-llanta-para-ejercicio-abdominal\/","og_locale":"es_ES","og_type":"article","og_title":"Rueda o llanta para Ejercicio Abdominal - Haphy Shop","og_description":"Accesorio apropiado para desarrollar mayor y mejor fuerza abdominal. Permite el trabajo simult\u00e1neo de hombros, brazos y espalda. Empleando una buena t\u00e9cnica, se podr\u00e1n apreciar\u00a0excelentes resultados.","og_url":"https:\/\/www.haphybyaquasense.com\/shop\/producto\/rueda-o-llanta-para-ejercicio-abdominal\/","og_site_name":"Haphy Shop","og_image":[{"width":304,"height":300,"url":"https:\/\/www.haphybyaquasense.com\/shop\/wp-content\/uploads\/2021\/02\/Rueda-o-llanta-para-Ejercicio-Abdominal-230-pesos.png","type":"image\/png"}],"twitter_card":"summary_large_image","twitter_misc":{"Tiempo de lectura":"1 minuto"},"schema":{"@context":"https:\/\/schema.org","@graph":[{"@type":"WebPage","@id":"https:\/\/www.haphybyaquasense.com\/shop\/producto\/rueda-o-llanta-para-ejercicio-abdominal\/","url":"https:\/\/www.haphybyaquasense.com\/shop\/producto\/rueda-o-llanta-para-ejercicio-abdominal\/","name":"Rueda o llanta para Ejercicio Abdominal - Haphy Shop","isPartOf":{"@id":"https:\/\/www.haphybyaquasense.com\/shop\/#website"},"primaryImageOfPage":{"@id":"https:\/\/www.haphybyaquasense.com\/shop\/producto\/rueda-o-llanta-para-ejercicio-abdominal\/#primaryimage"},"image":{"@id":"https:\/\/www.haphybyaquasense.com\/shop\/producto\/rueda-o-llanta-para-ejercicio-abdominal\/#primaryimage"},"thumbnailUrl":"https:\/\/www.haphybyaquasense.com\/shop\/wp-content\/uploads\/2021\/02\/Rueda-o-llanta-para-Ejercicio-Abdominal-230-pesos.png","datePublished":"2021-02-24T21:26:25+00:00","breadcrumb":{"@id":"https:\/\/www.haphybyaquasense.com\/shop\/producto\/rueda-o-llanta-para-ejercicio-abdominal\/#breadcrumb"},"inLanguage":"es","potentialAction":[{"@type":"ReadAction","target":["https:\/\/www.haphybyaquasense.com\/shop\/producto\/rueda-o-llanta-para-ejercicio-abdominal\/"]}]},{"@type":"ImageObject","inLanguage":"es","@id":"https:\/\/www.haphybyaquasense.com\/shop\/producto\/rueda-o-llanta-para-ejercicio-abdominal\/#primaryimage","url":"https:\/\/www.haphybyaquasense.com\/shop\/wp-content\/uploads\/2021\/02\/Rueda-o-llanta-para-Ejercicio-Abdominal-230-pesos.png","contentUrl":"https:\/\/www.haphybyaquasense.com\/shop\/wp-content\/uploads\/2021\/02\/Rueda-o-llanta-para-Ejercicio-Abdominal-230-pesos.png","width":304,"height":300},{"@type":"BreadcrumbList","@id":"https:\/\/www.haphybyaquasense.com\/shop\/producto\/rueda-o-llanta-para-ejercicio-abdominal\/#breadcrumb","itemListElement":[{"@type":"ListItem","position":1,"name":"Portada","item":"https:\/\/www.haphybyaquasense.com\/shop\/"},{"@type":"ListItem","position":2,"name":"Productos de terapia acu\u00e1tica y f\u00edsica","item":"https:\/\/www.haphybyaquasense.com\/shop\/tienda-de-productos-de-fisioterapia\/"},{"@type":"ListItem","position":3,"name":"Rueda o llanta para Ejercicio Abdominal"}]},{"@type":"WebSite","@id":"https:\/\/www.haphybyaquasense.com\/shop\/#website","url":"https:\/\/www.haphybyaquasense.com\/shop\/","name":"Haphy Shop","description":"Encuentra el producto ideal para recuperar tu bienestar","publisher":{"@id":"https:\/\/www.haphybyaquasense.com\/shop\/#organization"},"potentialAction":[{"@type":"SearchAction","target":{"@type":"EntryPoint","urlTemplate":"https:\/\/www.haphybyaquasense.com\/shop\/?s={search_term_string}"},"query-input":{"@type":"PropertyValueSpecification","valueRequired":true,"valueName":"search_term_string"}}],"inLanguage":"es"},{"@type":"Organization","@id":"https:\/\/www.haphybyaquasense.com\/shop\/#organization","name":"Haphy Shop","url":"https:\/\/www.haphybyaquasense.com\/shop\/","logo":{"@type":"ImageObject","inLanguage":"es","@id":"https:\/\/www.haphybyaquasense.com\/shop\/#\/schema\/logo\/image\/","url":"https:\/\/www.haphybyaquasense.com\/shop\/wp-content\/uploads\/2021\/02\/cropped-haphy-tienda-1.png","contentUrl":"https:\/\/www.haphybyaquasense.com\/shop\/wp-content\/uploads\/2021\/02\/cropped-haphy-tienda-1.png","width":502,"height":167,"caption":"Haphy Shop"},"image":{"@id":"https:\/\/www.haphybyaquasense.com\/shop\/#\/schema\/logo\/image\/"}}]}},"_links":{"self":[{"href":"https:\/\/www.haphybyaquasense.com\/shop\/wp-json\/wp\/v2\/product\/180","targetHints":{"allow":["GET"]}}],"collection":[{"href":"https:\/\/www.haphybyaquasense.com\/shop\/wp-json\/wp\/v2\/product"}],"about":[{"href":"https:\/\/www.haphybyaquasense.com\/shop\/wp-json\/wp\/v2\/types\/product"}],"replies":[{"embeddable":true,"href":"https:\/\/www.haphybyaquasense.com\/shop\/wp-json\/wp\/v2\/comments?post=180"}],"wp:featuredmedia":[{"embeddable":true,"href":"https:\/\/www.haphybyaquasense.com\/shop\/wp-json\/wp\/v2\/media\/181"}],"wp:attachment":[{"href":"https:\/\/www.haphybyaquasense.com\/shop\/wp-json\/wp\/v2\/media?parent=180"}],"wp:term":[{"taxonomy":"product_brand","embeddable":true,"href":"https:\/\/www.haphybyaquasense.com\/shop\/wp-json\/wp\/v2\/product_brand?post=180"},{"taxonomy":"product_cat","embeddable":true,"href":"https:\/\/www.haphybyaquasense.com\/shop\/wp-json\/wp\/v2\/product_cat?post=180"},{"taxonomy":"product_tag","embeddable":true,"href":"https:\/\/www.haphybyaquasense.com\/shop\/wp-json\/wp\/v2\/product_tag?post=180"}],"curies":[{"name":"wp","href":"https:\/\/api.w.org\/{rel}","templated":true}]}}