{"id":167,"date":"2021-02-24T20:51:44","date_gmt":"2021-02-24T20:51:44","guid":{"rendered":"https:\/\/www.haphybyaquasense.com\/shop\/?post_type=product&#038;p=167"},"modified":"2022-11-13T19:28:46","modified_gmt":"2022-11-13T19:28:46","slug":"discos-deslizadores-sliders","status":"publish","type":"product","link":"https:\/\/www.haphybyaquasense.com\/shop\/producto\/discos-deslizadores-sliders\/","title":{"rendered":"Discos Deslizadores Sliders"},"content":{"rendered":"<p>Los discos deslizadores Fisiotleta\u00ae, tambi\u00e9n conocidos como sliders se utilizan en cualquier superficie (pasto, duela, alfombra, azulejo o hasta en mats de foamy) debido a sus diferentes caras, podr\u00e1s deslizarte con gran facilidad, adem\u00e1s de que su ligero y compacto dise\u00f1o te permitir\u00e1 llevarlos a cualquier parte.<\/p>\n<p>Hay una gran variedad de ejercicios con los discos deslizadores, su tecnolog\u00eda hace los ejercicios que hacemos regularmente en ejercicios mucho m\u00e1s completos.<\/p>\n<p>Al trabajar de manera particular la zona del abdomen y las extremidades, los sliders nos aportan estabilidad, control de nuestra postura corporal, coordinaci\u00f3n y mayor eficiencia durante los movimientos. Aparte de estos importantes beneficios, es una alternativa ideal para aliviar los dolores de espalda, reducir el riesgo de lesiones y mejorar la respiraci\u00f3n.<\/p>\n<p>C\u00e1rgalos contigo al ir al gym, te aseguramos que tu entrenador tendr\u00e1 muchas rutinas para ti e incluso puedes encontrar infinidad de videos navegando en internet.<br \/>\nContamos con 10 diferentes colores\u2026<\/p>\n","protected":false},"excerpt":{"rendered":"<p>Los discos deslizadores Fisiotleta\u00ae, tambi\u00e9n conocidos como sliders se utilizan en cualquier superficie (pasto, duela, alfombra, azulejo o hasta en mats de foamy) debido a sus diferentes caras, podr\u00e1s deslizarte con gran facilidad, adem\u00e1s de que su ligero y compacto dise\u00f1o te permitir\u00e1 llevarlos a cualquier parte. Hay una gran variedad de ejercicios con los [&hellip;]<\/p>\n","protected":false},"featured_media":168,"comment_status":"open","ping_status":"closed","template":"","meta":[],"product_brand":[],"product_cat":[21],"product_tag":[],"class_list":{"0":"post-167","1":"product","2":"type-product","3":"status-publish","4":"has-post-thumbnail","6":"product_cat-yoga-y-pilates","8":"first","9":"instock","10":"shipping-taxable","11":"purchasable","12":"product-type-simple"},"yoast_head":"<!-- This site is optimized with the Yoast SEO plugin v27.2 - https:\/\/yoast.com\/product\/yoast-seo-wordpress\/ -->\n<title>Discos Deslizadores Sliders - Haphy Shop<\/title>\n<meta name=\"robots\" content=\"index, follow, max-snippet:-1, max-image-preview:large, max-video-preview:-1\" \/>\n<link rel=\"canonical\" href=\"https:\/\/www.haphybyaquasense.com\/shop\/producto\/discos-deslizadores-sliders\/\" \/>\n<meta property=\"og:locale\" content=\"es_ES\" \/>\n<meta property=\"og:type\" content=\"article\" \/>\n<meta property=\"og:title\" content=\"Discos Deslizadores Sliders - Haphy Shop\" \/>\n<meta property=\"og:description\" content=\"Los discos deslizadores Fisiotleta\u00ae, tambi\u00e9n conocidos como sliders se utilizan en cualquier superficie (pasto, duela, alfombra, azulejo o hasta en mats de foamy) debido a sus diferentes caras, podr\u00e1s deslizarte con gran facilidad, adem\u00e1s de que su ligero y compacto dise\u00f1o te permitir\u00e1 llevarlos a cualquier parte. Hay una gran variedad de ejercicios con los [&hellip;]\" \/>\n<meta property=\"og:url\" content=\"https:\/\/www.haphybyaquasense.com\/shop\/producto\/discos-deslizadores-sliders\/\" \/>\n<meta property=\"og:site_name\" content=\"Haphy Shop\" \/>\n<meta property=\"article:modified_time\" content=\"2022-11-13T19:28:46+00:00\" \/>\n<meta property=\"og:image\" content=\"https:\/\/www.haphybyaquasense.com\/shop\/wp-content\/uploads\/2021\/02\/Discos-Deslizadores-Sliders-220-pesos.png\" \/>\n\t<meta property=\"og:image:width\" content=\"301\" \/>\n\t<meta property=\"og:image:height\" content=\"346\" \/>\n\t<meta property=\"og:image:type\" content=\"image\/png\" \/>\n<meta name=\"twitter:card\" content=\"summary_large_image\" \/>\n<meta name=\"twitter:label1\" content=\"Tiempo de lectura\" \/>\n\t<meta name=\"twitter:data1\" content=\"1 minuto\" \/>\n<script type=\"application\/ld+json\" class=\"yoast-schema-graph\">{\"@context\":\"https:\/\/schema.org\",\"@graph\":[{\"@type\":\"WebPage\",\"@id\":\"https:\/\/www.haphybyaquasense.com\/shop\/producto\/discos-deslizadores-sliders\/\",\"url\":\"https:\/\/www.haphybyaquasense.com\/shop\/producto\/discos-deslizadores-sliders\/\",\"name\":\"Discos Deslizadores Sliders - Haphy Shop\",\"isPartOf\":{\"@id\":\"https:\/\/www.haphybyaquasense.com\/shop\/#website\"},\"primaryImageOfPage\":{\"@id\":\"https:\/\/www.haphybyaquasense.com\/shop\/producto\/discos-deslizadores-sliders\/#primaryimage\"},\"image\":{\"@id\":\"https:\/\/www.haphybyaquasense.com\/shop\/producto\/discos-deslizadores-sliders\/#primaryimage\"},\"thumbnailUrl\":\"https:\/\/www.haphybyaquasense.com\/shop\/wp-content\/uploads\/2021\/02\/Discos-Deslizadores-Sliders-220-pesos.png\",\"datePublished\":\"2021-02-24T20:51:44+00:00\",\"dateModified\":\"2022-11-13T19:28:46+00:00\",\"breadcrumb\":{\"@id\":\"https:\/\/www.haphybyaquasense.com\/shop\/producto\/discos-deslizadores-sliders\/#breadcrumb\"},\"inLanguage\":\"es\",\"potentialAction\":[{\"@type\":\"ReadAction\",\"target\":[\"https:\/\/www.haphybyaquasense.com\/shop\/producto\/discos-deslizadores-sliders\/\"]}]},{\"@type\":\"ImageObject\",\"inLanguage\":\"es\",\"@id\":\"https:\/\/www.haphybyaquasense.com\/shop\/producto\/discos-deslizadores-sliders\/#primaryimage\",\"url\":\"https:\/\/www.haphybyaquasense.com\/shop\/wp-content\/uploads\/2021\/02\/Discos-Deslizadores-Sliders-220-pesos.png\",\"contentUrl\":\"https:\/\/www.haphybyaquasense.com\/shop\/wp-content\/uploads\/2021\/02\/Discos-Deslizadores-Sliders-220-pesos.png\",\"width\":301,\"height\":346},{\"@type\":\"BreadcrumbList\",\"@id\":\"https:\/\/www.haphybyaquasense.com\/shop\/producto\/discos-deslizadores-sliders\/#breadcrumb\",\"itemListElement\":[{\"@type\":\"ListItem\",\"position\":1,\"name\":\"Portada\",\"item\":\"https:\/\/www.haphybyaquasense.com\/shop\/\"},{\"@type\":\"ListItem\",\"position\":2,\"name\":\"Productos de terapia acu\u00e1tica y f\u00edsica\",\"item\":\"https:\/\/www.haphybyaquasense.com\/shop\/tienda-de-productos-de-fisioterapia\/\"},{\"@type\":\"ListItem\",\"position\":3,\"name\":\"Discos Deslizadores Sliders\"}]},{\"@type\":\"WebSite\",\"@id\":\"https:\/\/www.haphybyaquasense.com\/shop\/#website\",\"url\":\"https:\/\/www.haphybyaquasense.com\/shop\/\",\"name\":\"Haphy Shop\",\"description\":\"Encuentra el producto ideal para recuperar tu bienestar\",\"publisher\":{\"@id\":\"https:\/\/www.haphybyaquasense.com\/shop\/#organization\"},\"potentialAction\":[{\"@type\":\"SearchAction\",\"target\":{\"@type\":\"EntryPoint\",\"urlTemplate\":\"https:\/\/www.haphybyaquasense.com\/shop\/?s={search_term_string}\"},\"query-input\":{\"@type\":\"PropertyValueSpecification\",\"valueRequired\":true,\"valueName\":\"search_term_string\"}}],\"inLanguage\":\"es\"},{\"@type\":\"Organization\",\"@id\":\"https:\/\/www.haphybyaquasense.com\/shop\/#organization\",\"name\":\"Haphy Shop\",\"url\":\"https:\/\/www.haphybyaquasense.com\/shop\/\",\"logo\":{\"@type\":\"ImageObject\",\"inLanguage\":\"es\",\"@id\":\"https:\/\/www.haphybyaquasense.com\/shop\/#\/schema\/logo\/image\/\",\"url\":\"https:\/\/www.haphybyaquasense.com\/shop\/wp-content\/uploads\/2021\/02\/cropped-haphy-tienda-1.png\",\"contentUrl\":\"https:\/\/www.haphybyaquasense.com\/shop\/wp-content\/uploads\/2021\/02\/cropped-haphy-tienda-1.png\",\"width\":502,\"height\":167,\"caption\":\"Haphy Shop\"},\"image\":{\"@id\":\"https:\/\/www.haphybyaquasense.com\/shop\/#\/schema\/logo\/image\/\"}}]}<\/script>\n<!-- \/ Yoast SEO plugin. -->","yoast_head_json":{"title":"Discos Deslizadores Sliders - Haphy Shop","robots":{"index":"index","follow":"follow","max-snippet":"max-snippet:-1","max-image-preview":"max-image-preview:large","max-video-preview":"max-video-preview:-1"},"canonical":"https:\/\/www.haphybyaquasense.com\/shop\/producto\/discos-deslizadores-sliders\/","og_locale":"es_ES","og_type":"article","og_title":"Discos Deslizadores Sliders - Haphy Shop","og_description":"Los discos deslizadores Fisiotleta\u00ae, tambi\u00e9n conocidos como sliders se utilizan en cualquier superficie (pasto, duela, alfombra, azulejo o hasta en mats de foamy) debido a sus diferentes caras, podr\u00e1s deslizarte con gran facilidad, adem\u00e1s de que su ligero y compacto dise\u00f1o te permitir\u00e1 llevarlos a cualquier parte. Hay una gran variedad de ejercicios con los [&hellip;]","og_url":"https:\/\/www.haphybyaquasense.com\/shop\/producto\/discos-deslizadores-sliders\/","og_site_name":"Haphy Shop","article_modified_time":"2022-11-13T19:28:46+00:00","og_image":[{"width":301,"height":346,"url":"https:\/\/www.haphybyaquasense.com\/shop\/wp-content\/uploads\/2021\/02\/Discos-Deslizadores-Sliders-220-pesos.png","type":"image\/png"}],"twitter_card":"summary_large_image","twitter_misc":{"Tiempo de lectura":"1 minuto"},"schema":{"@context":"https:\/\/schema.org","@graph":[{"@type":"WebPage","@id":"https:\/\/www.haphybyaquasense.com\/shop\/producto\/discos-deslizadores-sliders\/","url":"https:\/\/www.haphybyaquasense.com\/shop\/producto\/discos-deslizadores-sliders\/","name":"Discos Deslizadores Sliders - Haphy Shop","isPartOf":{"@id":"https:\/\/www.haphybyaquasense.com\/shop\/#website"},"primaryImageOfPage":{"@id":"https:\/\/www.haphybyaquasense.com\/shop\/producto\/discos-deslizadores-sliders\/#primaryimage"},"image":{"@id":"https:\/\/www.haphybyaquasense.com\/shop\/producto\/discos-deslizadores-sliders\/#primaryimage"},"thumbnailUrl":"https:\/\/www.haphybyaquasense.com\/shop\/wp-content\/uploads\/2021\/02\/Discos-Deslizadores-Sliders-220-pesos.png","datePublished":"2021-02-24T20:51:44+00:00","dateModified":"2022-11-13T19:28:46+00:00","breadcrumb":{"@id":"https:\/\/www.haphybyaquasense.com\/shop\/producto\/discos-deslizadores-sliders\/#breadcrumb"},"inLanguage":"es","potentialAction":[{"@type":"ReadAction","target":["https:\/\/www.haphybyaquasense.com\/shop\/producto\/discos-deslizadores-sliders\/"]}]},{"@type":"ImageObject","inLanguage":"es","@id":"https:\/\/www.haphybyaquasense.com\/shop\/producto\/discos-deslizadores-sliders\/#primaryimage","url":"https:\/\/www.haphybyaquasense.com\/shop\/wp-content\/uploads\/2021\/02\/Discos-Deslizadores-Sliders-220-pesos.png","contentUrl":"https:\/\/www.haphybyaquasense.com\/shop\/wp-content\/uploads\/2021\/02\/Discos-Deslizadores-Sliders-220-pesos.png","width":301,"height":346},{"@type":"BreadcrumbList","@id":"https:\/\/www.haphybyaquasense.com\/shop\/producto\/discos-deslizadores-sliders\/#breadcrumb","itemListElement":[{"@type":"ListItem","position":1,"name":"Portada","item":"https:\/\/www.haphybyaquasense.com\/shop\/"},{"@type":"ListItem","position":2,"name":"Productos de terapia acu\u00e1tica y f\u00edsica","item":"https:\/\/www.haphybyaquasense.com\/shop\/tienda-de-productos-de-fisioterapia\/"},{"@type":"ListItem","position":3,"name":"Discos Deslizadores Sliders"}]},{"@type":"WebSite","@id":"https:\/\/www.haphybyaquasense.com\/shop\/#website","url":"https:\/\/www.haphybyaquasense.com\/shop\/","name":"Haphy Shop","description":"Encuentra el producto ideal para recuperar tu bienestar","publisher":{"@id":"https:\/\/www.haphybyaquasense.com\/shop\/#organization"},"potentialAction":[{"@type":"SearchAction","target":{"@type":"EntryPoint","urlTemplate":"https:\/\/www.haphybyaquasense.com\/shop\/?s={search_term_string}"},"query-input":{"@type":"PropertyValueSpecification","valueRequired":true,"valueName":"search_term_string"}}],"inLanguage":"es"},{"@type":"Organization","@id":"https:\/\/www.haphybyaquasense.com\/shop\/#organization","name":"Haphy Shop","url":"https:\/\/www.haphybyaquasense.com\/shop\/","logo":{"@type":"ImageObject","inLanguage":"es","@id":"https:\/\/www.haphybyaquasense.com\/shop\/#\/schema\/logo\/image\/","url":"https:\/\/www.haphybyaquasense.com\/shop\/wp-content\/uploads\/2021\/02\/cropped-haphy-tienda-1.png","contentUrl":"https:\/\/www.haphybyaquasense.com\/shop\/wp-content\/uploads\/2021\/02\/cropped-haphy-tienda-1.png","width":502,"height":167,"caption":"Haphy Shop"},"image":{"@id":"https:\/\/www.haphybyaquasense.com\/shop\/#\/schema\/logo\/image\/"}}]}},"_links":{"self":[{"href":"https:\/\/www.haphybyaquasense.com\/shop\/wp-json\/wp\/v2\/product\/167","targetHints":{"allow":["GET"]}}],"collection":[{"href":"https:\/\/www.haphybyaquasense.com\/shop\/wp-json\/wp\/v2\/product"}],"about":[{"href":"https:\/\/www.haphybyaquasense.com\/shop\/wp-json\/wp\/v2\/types\/product"}],"replies":[{"embeddable":true,"href":"https:\/\/www.haphybyaquasense.com\/shop\/wp-json\/wp\/v2\/comments?post=167"}],"wp:featuredmedia":[{"embeddable":true,"href":"https:\/\/www.haphybyaquasense.com\/shop\/wp-json\/wp\/v2\/media\/168"}],"wp:attachment":[{"href":"https:\/\/www.haphybyaquasense.com\/shop\/wp-json\/wp\/v2\/media?parent=167"}],"wp:term":[{"taxonomy":"product_brand","embeddable":true,"href":"https:\/\/www.haphybyaquasense.com\/shop\/wp-json\/wp\/v2\/product_brand?post=167"},{"taxonomy":"product_cat","embeddable":true,"href":"https:\/\/www.haphybyaquasense.com\/shop\/wp-json\/wp\/v2\/product_cat?post=167"},{"taxonomy":"product_tag","embeddable":true,"href":"https:\/\/www.haphybyaquasense.com\/shop\/wp-json\/wp\/v2\/product_tag?post=167"}],"curies":[{"name":"wp","href":"https:\/\/api.w.org\/{rel}","templated":true}]}}