{"id":123,"date":"2021-02-21T18:07:41","date_gmt":"2021-02-21T18:07:41","guid":{"rendered":"https:\/\/www.haphybyaquasense.com\/shop\/?post_type=product&#038;p=123"},"modified":"2021-02-24T16:35:12","modified_gmt":"2021-02-24T16:35:12","slug":"pelota-lacrosse-6-cm-liberacion-miofascial-massage","status":"publish","type":"product","link":"https:\/\/www.haphybyaquasense.com\/shop\/producto\/pelota-lacrosse-6-cm-liberacion-miofascial-massage\/","title":{"rendered":"Pelota Lacrosse 6 cm Liberaci\u00f3n Miofascial Massage"},"content":{"rendered":"<p>BOLA DE ALTA CALIDAD: Fabricada con goma flexible de alta calidad que permite un masaje profundo sin da\u00f1ar los m\u00fasculos.<br \/>\nIDEAL PARA CUELLO, GL\u00daTEOS, HOMBROS: Libera la tensi\u00f3n masajeando las zonas de mayor tensi\u00f3n diaria o cargadas en entrenamiento.<br \/>\nESTIMULA LA CIRCULACI\u00d3N Y OXIGENA TEJIDOS BLANDOS: Mejora miofascial de los tejidos blandos.<br \/>\nCOMPLEMENTO NATURAL DEL FOAM ROLLER: Incide en las zonas que te cuesta masajear con el Foam Roller o necesitan de un trabajo &#8220;extra&#8221;.<\/p>\n","protected":false},"excerpt":{"rendered":"<p>BOLA DE ALTA CALIDAD: Fabricada con goma flexible de alta calidad que permite un masaje profundo sin da\u00f1ar los m\u00fasculos. IDEAL PARA CUELLO, GL\u00daTEOS, HOMBROS: Libera la tensi\u00f3n masajeando las zonas de mayor tensi\u00f3n diaria o cargadas en entrenamiento. ESTIMULA LA CIRCULACI\u00d3N Y OXIGENA TEJIDOS BLANDOS: Mejora miofascial de los tejidos blandos. COMPLEMENTO NATURAL DEL [&hellip;]<\/p>\n","protected":false},"featured_media":124,"comment_status":"open","ping_status":"closed","template":"","meta":[],"product_brand":[],"product_cat":[20,21],"product_tag":[],"class_list":{"0":"post-123","1":"product","2":"type-product","3":"status-publish","4":"has-post-thumbnail","6":"product_cat-fisioterapia","7":"product_cat-yoga-y-pilates","9":"first","10":"instock","11":"shipping-taxable","12":"purchasable","13":"product-type-simple"},"yoast_head":"<!-- This site is optimized with the Yoast SEO plugin v27.2 - https:\/\/yoast.com\/product\/yoast-seo-wordpress\/ -->\n<title>Pelota Lacrosse 6 cm Liberaci\u00f3n Miofascial Massage - Haphy Shop<\/title>\n<meta name=\"robots\" content=\"index, follow, max-snippet:-1, max-image-preview:large, max-video-preview:-1\" \/>\n<link rel=\"canonical\" href=\"https:\/\/www.haphybyaquasense.com\/shop\/producto\/pelota-lacrosse-6-cm-liberacion-miofascial-massage\/\" \/>\n<meta property=\"og:locale\" content=\"es_ES\" \/>\n<meta property=\"og:type\" content=\"article\" \/>\n<meta property=\"og:title\" content=\"Pelota Lacrosse 6 cm Liberaci\u00f3n Miofascial Massage - Haphy Shop\" \/>\n<meta property=\"og:description\" content=\"BOLA DE ALTA CALIDAD: Fabricada con goma flexible de alta calidad que permite un masaje profundo sin da\u00f1ar los m\u00fasculos. IDEAL PARA CUELLO, GL\u00daTEOS, HOMBROS: Libera la tensi\u00f3n masajeando las zonas de mayor tensi\u00f3n diaria o cargadas en entrenamiento. ESTIMULA LA CIRCULACI\u00d3N Y OXIGENA TEJIDOS BLANDOS: Mejora miofascial de los tejidos blandos. COMPLEMENTO NATURAL DEL [&hellip;]\" \/>\n<meta property=\"og:url\" content=\"https:\/\/www.haphybyaquasense.com\/shop\/producto\/pelota-lacrosse-6-cm-liberacion-miofascial-massage\/\" \/>\n<meta property=\"og:site_name\" content=\"Haphy Shop\" \/>\n<meta property=\"article:modified_time\" content=\"2021-02-24T16:35:12+00:00\" \/>\n<meta property=\"og:image\" content=\"https:\/\/www.haphybyaquasense.com\/shop\/wp-content\/uploads\/2021\/02\/Pelota-Lacrosse-6-cm-Liberacion-Miofascial-Massage-95-pesos.png\" \/>\n\t<meta property=\"og:image:width\" content=\"297\" \/>\n\t<meta property=\"og:image:height\" content=\"299\" \/>\n\t<meta property=\"og:image:type\" content=\"image\/png\" \/>\n<meta name=\"twitter:card\" content=\"summary_large_image\" \/>\n<meta name=\"twitter:label1\" content=\"Tiempo de lectura\" \/>\n\t<meta name=\"twitter:data1\" content=\"1 minuto\" \/>\n<script type=\"application\/ld+json\" class=\"yoast-schema-graph\">{\"@context\":\"https:\/\/schema.org\",\"@graph\":[{\"@type\":\"WebPage\",\"@id\":\"https:\/\/www.haphybyaquasense.com\/shop\/producto\/pelota-lacrosse-6-cm-liberacion-miofascial-massage\/\",\"url\":\"https:\/\/www.haphybyaquasense.com\/shop\/producto\/pelota-lacrosse-6-cm-liberacion-miofascial-massage\/\",\"name\":\"Pelota Lacrosse 6 cm Liberaci\u00f3n Miofascial Massage - Haphy Shop\",\"isPartOf\":{\"@id\":\"https:\/\/www.haphybyaquasense.com\/shop\/#website\"},\"primaryImageOfPage\":{\"@id\":\"https:\/\/www.haphybyaquasense.com\/shop\/producto\/pelota-lacrosse-6-cm-liberacion-miofascial-massage\/#primaryimage\"},\"image\":{\"@id\":\"https:\/\/www.haphybyaquasense.com\/shop\/producto\/pelota-lacrosse-6-cm-liberacion-miofascial-massage\/#primaryimage\"},\"thumbnailUrl\":\"https:\/\/www.haphybyaquasense.com\/shop\/wp-content\/uploads\/2021\/02\/Pelota-Lacrosse-6-cm-Liberacion-Miofascial-Massage-95-pesos.png\",\"datePublished\":\"2021-02-21T18:07:41+00:00\",\"dateModified\":\"2021-02-24T16:35:12+00:00\",\"breadcrumb\":{\"@id\":\"https:\/\/www.haphybyaquasense.com\/shop\/producto\/pelota-lacrosse-6-cm-liberacion-miofascial-massage\/#breadcrumb\"},\"inLanguage\":\"es\",\"potentialAction\":[{\"@type\":\"ReadAction\",\"target\":[\"https:\/\/www.haphybyaquasense.com\/shop\/producto\/pelota-lacrosse-6-cm-liberacion-miofascial-massage\/\"]}]},{\"@type\":\"ImageObject\",\"inLanguage\":\"es\",\"@id\":\"https:\/\/www.haphybyaquasense.com\/shop\/producto\/pelota-lacrosse-6-cm-liberacion-miofascial-massage\/#primaryimage\",\"url\":\"https:\/\/www.haphybyaquasense.com\/shop\/wp-content\/uploads\/2021\/02\/Pelota-Lacrosse-6-cm-Liberacion-Miofascial-Massage-95-pesos.png\",\"contentUrl\":\"https:\/\/www.haphybyaquasense.com\/shop\/wp-content\/uploads\/2021\/02\/Pelota-Lacrosse-6-cm-Liberacion-Miofascial-Massage-95-pesos.png\",\"width\":297,\"height\":299},{\"@type\":\"BreadcrumbList\",\"@id\":\"https:\/\/www.haphybyaquasense.com\/shop\/producto\/pelota-lacrosse-6-cm-liberacion-miofascial-massage\/#breadcrumb\",\"itemListElement\":[{\"@type\":\"ListItem\",\"position\":1,\"name\":\"Portada\",\"item\":\"https:\/\/www.haphybyaquasense.com\/shop\/\"},{\"@type\":\"ListItem\",\"position\":2,\"name\":\"Productos de terapia acu\u00e1tica y f\u00edsica\",\"item\":\"https:\/\/www.haphybyaquasense.com\/shop\/tienda-de-productos-de-fisioterapia\/\"},{\"@type\":\"ListItem\",\"position\":3,\"name\":\"Pelota Lacrosse 6 cm Liberaci\u00f3n Miofascial Massage\"}]},{\"@type\":\"WebSite\",\"@id\":\"https:\/\/www.haphybyaquasense.com\/shop\/#website\",\"url\":\"https:\/\/www.haphybyaquasense.com\/shop\/\",\"name\":\"Haphy Shop\",\"description\":\"Encuentra el producto ideal para recuperar tu bienestar\",\"publisher\":{\"@id\":\"https:\/\/www.haphybyaquasense.com\/shop\/#organization\"},\"potentialAction\":[{\"@type\":\"SearchAction\",\"target\":{\"@type\":\"EntryPoint\",\"urlTemplate\":\"https:\/\/www.haphybyaquasense.com\/shop\/?s={search_term_string}\"},\"query-input\":{\"@type\":\"PropertyValueSpecification\",\"valueRequired\":true,\"valueName\":\"search_term_string\"}}],\"inLanguage\":\"es\"},{\"@type\":\"Organization\",\"@id\":\"https:\/\/www.haphybyaquasense.com\/shop\/#organization\",\"name\":\"Haphy Shop\",\"url\":\"https:\/\/www.haphybyaquasense.com\/shop\/\",\"logo\":{\"@type\":\"ImageObject\",\"inLanguage\":\"es\",\"@id\":\"https:\/\/www.haphybyaquasense.com\/shop\/#\/schema\/logo\/image\/\",\"url\":\"https:\/\/www.haphybyaquasense.com\/shop\/wp-content\/uploads\/2021\/02\/cropped-haphy-tienda-1.png\",\"contentUrl\":\"https:\/\/www.haphybyaquasense.com\/shop\/wp-content\/uploads\/2021\/02\/cropped-haphy-tienda-1.png\",\"width\":502,\"height\":167,\"caption\":\"Haphy Shop\"},\"image\":{\"@id\":\"https:\/\/www.haphybyaquasense.com\/shop\/#\/schema\/logo\/image\/\"}}]}<\/script>\n<!-- \/ Yoast SEO plugin. -->","yoast_head_json":{"title":"Pelota Lacrosse 6 cm Liberaci\u00f3n Miofascial Massage - Haphy Shop","robots":{"index":"index","follow":"follow","max-snippet":"max-snippet:-1","max-image-preview":"max-image-preview:large","max-video-preview":"max-video-preview:-1"},"canonical":"https:\/\/www.haphybyaquasense.com\/shop\/producto\/pelota-lacrosse-6-cm-liberacion-miofascial-massage\/","og_locale":"es_ES","og_type":"article","og_title":"Pelota Lacrosse 6 cm Liberaci\u00f3n Miofascial Massage - Haphy Shop","og_description":"BOLA DE ALTA CALIDAD: Fabricada con goma flexible de alta calidad que permite un masaje profundo sin da\u00f1ar los m\u00fasculos. IDEAL PARA CUELLO, GL\u00daTEOS, HOMBROS: Libera la tensi\u00f3n masajeando las zonas de mayor tensi\u00f3n diaria o cargadas en entrenamiento. ESTIMULA LA CIRCULACI\u00d3N Y OXIGENA TEJIDOS BLANDOS: Mejora miofascial de los tejidos blandos. COMPLEMENTO NATURAL DEL [&hellip;]","og_url":"https:\/\/www.haphybyaquasense.com\/shop\/producto\/pelota-lacrosse-6-cm-liberacion-miofascial-massage\/","og_site_name":"Haphy Shop","article_modified_time":"2021-02-24T16:35:12+00:00","og_image":[{"width":297,"height":299,"url":"https:\/\/www.haphybyaquasense.com\/shop\/wp-content\/uploads\/2021\/02\/Pelota-Lacrosse-6-cm-Liberacion-Miofascial-Massage-95-pesos.png","type":"image\/png"}],"twitter_card":"summary_large_image","twitter_misc":{"Tiempo de lectura":"1 minuto"},"schema":{"@context":"https:\/\/schema.org","@graph":[{"@type":"WebPage","@id":"https:\/\/www.haphybyaquasense.com\/shop\/producto\/pelota-lacrosse-6-cm-liberacion-miofascial-massage\/","url":"https:\/\/www.haphybyaquasense.com\/shop\/producto\/pelota-lacrosse-6-cm-liberacion-miofascial-massage\/","name":"Pelota Lacrosse 6 cm Liberaci\u00f3n Miofascial Massage - Haphy Shop","isPartOf":{"@id":"https:\/\/www.haphybyaquasense.com\/shop\/#website"},"primaryImageOfPage":{"@id":"https:\/\/www.haphybyaquasense.com\/shop\/producto\/pelota-lacrosse-6-cm-liberacion-miofascial-massage\/#primaryimage"},"image":{"@id":"https:\/\/www.haphybyaquasense.com\/shop\/producto\/pelota-lacrosse-6-cm-liberacion-miofascial-massage\/#primaryimage"},"thumbnailUrl":"https:\/\/www.haphybyaquasense.com\/shop\/wp-content\/uploads\/2021\/02\/Pelota-Lacrosse-6-cm-Liberacion-Miofascial-Massage-95-pesos.png","datePublished":"2021-02-21T18:07:41+00:00","dateModified":"2021-02-24T16:35:12+00:00","breadcrumb":{"@id":"https:\/\/www.haphybyaquasense.com\/shop\/producto\/pelota-lacrosse-6-cm-liberacion-miofascial-massage\/#breadcrumb"},"inLanguage":"es","potentialAction":[{"@type":"ReadAction","target":["https:\/\/www.haphybyaquasense.com\/shop\/producto\/pelota-lacrosse-6-cm-liberacion-miofascial-massage\/"]}]},{"@type":"ImageObject","inLanguage":"es","@id":"https:\/\/www.haphybyaquasense.com\/shop\/producto\/pelota-lacrosse-6-cm-liberacion-miofascial-massage\/#primaryimage","url":"https:\/\/www.haphybyaquasense.com\/shop\/wp-content\/uploads\/2021\/02\/Pelota-Lacrosse-6-cm-Liberacion-Miofascial-Massage-95-pesos.png","contentUrl":"https:\/\/www.haphybyaquasense.com\/shop\/wp-content\/uploads\/2021\/02\/Pelota-Lacrosse-6-cm-Liberacion-Miofascial-Massage-95-pesos.png","width":297,"height":299},{"@type":"BreadcrumbList","@id":"https:\/\/www.haphybyaquasense.com\/shop\/producto\/pelota-lacrosse-6-cm-liberacion-miofascial-massage\/#breadcrumb","itemListElement":[{"@type":"ListItem","position":1,"name":"Portada","item":"https:\/\/www.haphybyaquasense.com\/shop\/"},{"@type":"ListItem","position":2,"name":"Productos de terapia acu\u00e1tica y f\u00edsica","item":"https:\/\/www.haphybyaquasense.com\/shop\/tienda-de-productos-de-fisioterapia\/"},{"@type":"ListItem","position":3,"name":"Pelota Lacrosse 6 cm Liberaci\u00f3n Miofascial Massage"}]},{"@type":"WebSite","@id":"https:\/\/www.haphybyaquasense.com\/shop\/#website","url":"https:\/\/www.haphybyaquasense.com\/shop\/","name":"Haphy Shop","description":"Encuentra el producto ideal para recuperar tu bienestar","publisher":{"@id":"https:\/\/www.haphybyaquasense.com\/shop\/#organization"},"potentialAction":[{"@type":"SearchAction","target":{"@type":"EntryPoint","urlTemplate":"https:\/\/www.haphybyaquasense.com\/shop\/?s={search_term_string}"},"query-input":{"@type":"PropertyValueSpecification","valueRequired":true,"valueName":"search_term_string"}}],"inLanguage":"es"},{"@type":"Organization","@id":"https:\/\/www.haphybyaquasense.com\/shop\/#organization","name":"Haphy Shop","url":"https:\/\/www.haphybyaquasense.com\/shop\/","logo":{"@type":"ImageObject","inLanguage":"es","@id":"https:\/\/www.haphybyaquasense.com\/shop\/#\/schema\/logo\/image\/","url":"https:\/\/www.haphybyaquasense.com\/shop\/wp-content\/uploads\/2021\/02\/cropped-haphy-tienda-1.png","contentUrl":"https:\/\/www.haphybyaquasense.com\/shop\/wp-content\/uploads\/2021\/02\/cropped-haphy-tienda-1.png","width":502,"height":167,"caption":"Haphy Shop"},"image":{"@id":"https:\/\/www.haphybyaquasense.com\/shop\/#\/schema\/logo\/image\/"}}]}},"_links":{"self":[{"href":"https:\/\/www.haphybyaquasense.com\/shop\/wp-json\/wp\/v2\/product\/123","targetHints":{"allow":["GET"]}}],"collection":[{"href":"https:\/\/www.haphybyaquasense.com\/shop\/wp-json\/wp\/v2\/product"}],"about":[{"href":"https:\/\/www.haphybyaquasense.com\/shop\/wp-json\/wp\/v2\/types\/product"}],"replies":[{"embeddable":true,"href":"https:\/\/www.haphybyaquasense.com\/shop\/wp-json\/wp\/v2\/comments?post=123"}],"wp:featuredmedia":[{"embeddable":true,"href":"https:\/\/www.haphybyaquasense.com\/shop\/wp-json\/wp\/v2\/media\/124"}],"wp:attachment":[{"href":"https:\/\/www.haphybyaquasense.com\/shop\/wp-json\/wp\/v2\/media?parent=123"}],"wp:term":[{"taxonomy":"product_brand","embeddable":true,"href":"https:\/\/www.haphybyaquasense.com\/shop\/wp-json\/wp\/v2\/product_brand?post=123"},{"taxonomy":"product_cat","embeddable":true,"href":"https:\/\/www.haphybyaquasense.com\/shop\/wp-json\/wp\/v2\/product_cat?post=123"},{"taxonomy":"product_tag","embeddable":true,"href":"https:\/\/www.haphybyaquasense.com\/shop\/wp-json\/wp\/v2\/product_tag?post=123"}],"curies":[{"name":"wp","href":"https:\/\/api.w.org\/{rel}","templated":true}]}}